{"id":20,"date":"2021-03-11T09:03:21","date_gmt":"2021-03-11T09:03:21","guid":{"rendered":"https:\/\/demo.casethemes.net\/organio\/?page_id=20"},"modified":"2025-08-10T16:19:04","modified_gmt":"2025-08-10T14:19:04","slug":"craft-brewery","status":"publish","type":"page","link":"https:\/\/bonvivant.beer\/es\/craft-brewery\/","title":{"rendered":"Nuestra Historia"},"content":{"rendered":"<div data-elementor-type=\"wp-page\" data-elementor-id=\"20\" class=\"elementor elementor-20\" data-elementor-post-type=\"page\">\n\t\t\t\t        <section class=\"elementor-section elementor-top-section elementor-element elementor-element-3844968 elementor-section-boxed elementor-section-height-default elementor-section-height-default\" data-id=\"3844968\" data-element_type=\"section\" data-e-type=\"section\">\n            \n                        <div class=\"elementor-container elementor-column-gap-extended\">\n                    <div class=\"elementor-column elementor-col-50 elementor-top-column elementor-element elementor-element-44c71b2\" data-id=\"44c71b2\" data-element_type=\"column\" data-e-type=\"column\">\n        <div class=\"elementor-widget-wrap elementor-element-populated\">\n                    \n        \t\t<div class=\"elementor-element elementor-element-9cb1545 elementor-widget elementor-widget-image\" data-id=\"9cb1545\" data-element_type=\"widget\" data-e-type=\"widget\" data-widget_type=\"image.default\">\n\t\t\t\t<div class=\"elementor-widget-container\">\n\t\t\t\t\t\t\t\t\t\t\t\t\t\t\t<img fetchpriority=\"high\" decoding=\"async\" width=\"460\" height=\"460\" src=\"https:\/\/bonvivant.beer\/wp-content\/uploads\/2025\/04\/Bonvivant_Tank_01-1-460x460.webp?wsr\" class=\"attachment-woosq size-woosq wp-image-8079\" alt=\"Master brewer foto from the back while in brewing factory\" srcset=\"https:\/\/bonvivant.beer\/wp-content\/uploads\/2025\/04\/Bonvivant_Tank_01-1-460x460.webp 460w, https:\/\/bonvivant.beer\/wp-content\/uploads\/2025\/04\/Bonvivant_Tank_01-1-300x300.webp 300w, https:\/\/bonvivant.beer\/wp-content\/uploads\/2025\/04\/Bonvivant_Tank_01-1-1024x1024.webp 1024w, https:\/\/bonvivant.beer\/wp-content\/uploads\/2025\/04\/Bonvivant_Tank_01-1-150x150.webp 150w, https:\/\/bonvivant.beer\/wp-content\/uploads\/2025\/04\/Bonvivant_Tank_01-1-768x768.webp 768w, https:\/\/bonvivant.beer\/wp-content\/uploads\/2025\/04\/Bonvivant_Tank_01-1-600x600.webp 600w, https:\/\/bonvivant.beer\/wp-content\/uploads\/2025\/04\/Bonvivant_Tank_01-1-50x50.webp 50w, https:\/\/bonvivant.beer\/wp-content\/uploads\/2025\/04\/Bonvivant_Tank_01-1-100x100.webp 100w, https:\/\/bonvivant.beer\/wp-content\/uploads\/2025\/04\/Bonvivant_Tank_01-1-96x96.webp 96w, https:\/\/bonvivant.beer\/wp-content\/uploads\/2025\/04\/Bonvivant_Tank_01-1.webp 1066w\" sizes=\"(max-width: 460px) 100vw, 460px\" \/>\t\t\t\t\t\t\t\t\t\t\t\t\t\t\t<\/div>\n\t\t\t\t<\/div>\n\t\t            <\/div>\n        <\/div>\n                <div class=\"elementor-column elementor-col-50 elementor-top-column elementor-element elementor-element-40661bf\" data-id=\"40661bf\" data-element_type=\"column\" data-e-type=\"column\">\n        <div class=\"elementor-widget-wrap elementor-element-populated\">\n                    \n        \t\t<div class=\"elementor-element elementor-element-16eda0e elementor-widget elementor-widget-ct_heading\" data-id=\"16eda0e\" data-element_type=\"widget\" data-e-type=\"widget\" data-widget_type=\"ct_heading.default\">\n\t\t\t\t<div class=\"elementor-widget-container\">\n\t\t\t\t\t<div class=\"ct-heading h-align- item-st-default\">\r\n    <div class=\"ct-heading--inner\">\r\n    \t        <h1 class=\"item--title case-animate-time st-default translation-block\" data-wow-delay=\"ms\"><span class=\"slide-in-container\"><span class=\"d-inline-block wow case-fade-in-up animated\">Preparaci\u00f3n<\/span><\/span> <span class=\"slide-in-container\"><span class=\"d-inline-block wow case-fade-in-up animated\">de cerveza<\/span><\/span><\/h1>\r\n    <\/div>\r\n<\/div>\r\n\r\n\t\t\t\t<\/div>\n\t\t\t\t<\/div>\n\t\t\t\t<div class=\"elementor-element elementor-element-6607777 elementor-widget elementor-widget-ct_text_editor\" data-id=\"6607777\" data-element_type=\"widget\" data-e-type=\"widget\" data-widget_type=\"ct_text_editor.default\">\n\t\t\t\t<div class=\"elementor-widget-container\">\n\t\t\t\t\t<div id=\"ct_text_editor-6607777\" class=\"ct-text-editor\" data-wow-delay=\"ms\">\n\t<div class=\"ct-item--inner\">\n\t\t<div class=\"ct-inline-css\"  data-css=\"\t        \t\t\t\">\n\n\t    <\/div>\n\t\t<div class=\"ct-text-editor elementor-clearfix\">\n\t\t\t<p>Bonvivant es la cervecer\u00eda artesanal independiente original de M\u00e1laga, fundada en 2014 por un grupo de amantes de la cerveza que vieron el potencial sin explotar de la cerveza artesanal en la Costa del Sol.<\/p><p>Ubicada en el coraz\u00f3n del distrito industrial de Guadalhorce, Bonvivant experiment\u00f3 una audaz renovaci\u00f3n en 2024, marcando el comienzo de una nueva era de gesti\u00f3n, una visi\u00f3n renovada y una emocionante l\u00ednea de cervezas completamente nuevas.<\/p>\t\t\n\t\t<\/div>\n\t<\/div>\n<\/div>\t\t\t\t<\/div>\n\t\t\t\t<\/div>\n\t\t            <\/div>\n        <\/div>\n                    <\/div>\n        <\/section>\n                <section class=\"elementor-section elementor-top-section elementor-element elementor-element-2da155f elementor-section-stretched elementor-section-boxed elementor-section-height-default elementor-section-height-default\" data-id=\"2da155f\" data-element_type=\"section\" data-e-type=\"section\" data-settings=\"{&quot;stretch_section&quot;:&quot;section-stretched&quot;,&quot;background_background&quot;:&quot;classic&quot;}\">\n            \n                        <div class=\"elementor-container elementor-column-gap-extended\">\n                    <div class=\"elementor-column elementor-col-50 elementor-top-column elementor-element elementor-element-328c39e\" data-id=\"328c39e\" data-element_type=\"column\" data-e-type=\"column\">\n        <div class=\"elementor-widget-wrap elementor-element-populated\">\n                    \n        \t\t<div class=\"elementor-element elementor-element-fb87fec elementor-widget elementor-widget-ct_text_editor\" data-id=\"fb87fec\" data-element_type=\"widget\" data-e-type=\"widget\" data-widget_type=\"ct_text_editor.default\">\n\t\t\t\t<div class=\"elementor-widget-container\">\n\t\t\t\t\t<div id=\"ct_text_editor-fb87fec\" class=\"ct-text-editor\" data-wow-delay=\"ms\">\n\t<div class=\"ct-item--inner\">\n\t\t<div class=\"ct-inline-css\"  data-css=\"\t        \t\t\t\">\n\n\t    <\/div>\n\t\t<div class=\"ct-text-editor elementor-clearfix\">\n\t\t\t<p><span style=\"font-weight: 400\"><br \/>Bonvivant se hizo famoso como un local divertido y animado, pero la falta de vecinos facilit\u00f3 la organizaci\u00f3n de grandes eventos. La cerveza tuvo una gran acogida, y los mejores distribuidores y bares comenzaron a vender la marca. <\/span><span style=\"font-weight: 400\"><br \/><\/span><span style=\"font-weight: 400\"><br \/><\/span><span style=\"font-weight: 400\">Con el paso de los a\u00f1os, la estructura de propiedad de Bonvivant ha cambiado y, en 2024, fue adquirida en su totalidad por Ventus, una empresa de inversi\u00f3n dedicada a preservar el legado de la marca y, al mismo tiempo, hacer crecer el negocio hasta alcanzar su m\u00e1ximo potencial.<\/span><span style=\"font-weight: 400\"><br \/><\/span><span style=\"font-weight: 400\"><br \/><\/span><span style=\"font-weight: 400\">A partir de 2025, Bonvivant se especializa en la elaboraci\u00f3n de cervezas artesanales galardonadas, abasteciendo a los mejores hoteles, restaurantes y bares de la zona. Entre nuestros clientes se incluyen l\u00edderes regionales como NH Hotel Group, Finca Cortes\u00edn, Marbella Club, Danny Garc\u00eda Group y muchos m\u00e1s.<\/span><\/p>\t\t\n\t\t<\/div>\n\t<\/div>\n<\/div>\t\t\t\t<\/div>\n\t\t\t\t<\/div>\n\t\t            <\/div>\n        <\/div>\n                <div class=\"elementor-column elementor-col-50 elementor-top-column elementor-element elementor-element-d92fc8c\" data-id=\"d92fc8c\" data-element_type=\"column\" data-e-type=\"column\">\n        <div class=\"elementor-widget-wrap elementor-element-populated\">\n                    \n        \t\t<div class=\"elementor-element elementor-element-8c2c932 elementor-widget elementor-widget-image\" data-id=\"8c2c932\" data-element_type=\"widget\" data-e-type=\"widget\" data-widget_type=\"image.default\">\n\t\t\t\t<div class=\"elementor-widget-container\">\n\t\t\t\t\t\t\t\t\t\t\t\t\t\t\t<img decoding=\"async\" width=\"1200\" height=\"751\" src=\"https:\/\/bonvivant.beer\/wp-content\/uploads\/2025\/05\/team-rough-edge.jpg\" class=\"attachment-full size-full wp-image-8112\" alt=\"Bonvivant old team image\" srcset=\"https:\/\/bonvivant.beer\/wp-content\/uploads\/2025\/05\/team-rough-edge.jpg 1200w, https:\/\/bonvivant.beer\/wp-content\/uploads\/2025\/05\/team-rough-edge-300x188.jpg 300w, https:\/\/bonvivant.beer\/wp-content\/uploads\/2025\/05\/team-rough-edge-1024x641.jpg 1024w, https:\/\/bonvivant.beer\/wp-content\/uploads\/2025\/05\/team-rough-edge-768x481.jpg 768w, https:\/\/bonvivant.beer\/wp-content\/uploads\/2025\/05\/team-rough-edge-600x376.jpg 600w\" sizes=\"(max-width: 1200px) 100vw, 1200px\" \/>\t\t\t\t\t\t\t\t\t\t\t\t\t\t\t<\/div>\n\t\t\t\t<\/div>\n\t\t            <\/div>\n        <\/div>\n                    <\/div>\n        <\/section>\n                <section class=\"elementor-section elementor-top-section elementor-element elementor-element-0e04b44 elementor-section-stretched elementor-section-boxed elementor-section-height-default elementor-section-height-default\" data-id=\"0e04b44\" data-element_type=\"section\" data-e-type=\"section\" data-settings=\"{&quot;stretch_section&quot;:&quot;section-stretched&quot;,&quot;background_background&quot;:&quot;classic&quot;}\">\n            \n                        <div class=\"elementor-container elementor-column-gap-extended\">\n                    <div class=\"elementor-column elementor-col-50 elementor-top-column elementor-element elementor-element-b8d9e57\" data-id=\"b8d9e57\" data-element_type=\"column\" data-e-type=\"column\">\n        <div class=\"elementor-widget-wrap elementor-element-populated\">\n                    \n        \t\t<div class=\"elementor-element elementor-element-daa9d2f elementor-widget elementor-widget-ct_heading\" data-id=\"daa9d2f\" data-element_type=\"widget\" data-e-type=\"widget\" data-widget_type=\"ct_heading.default\">\n\t\t\t\t<div class=\"elementor-widget-container\">\n\t\t\t\t\t<div class=\"ct-heading h-align- item-st-default\">\r\n    <div class=\"ct-heading--inner\">\r\n    \t        <h3 class=\"item--title case-animate-time st-default translation-block\" data-wow-delay=\"ms\"><span class=\"slide-in-container\"><span class=\"d-inline-block wow case-fade-in-up animated\">Cerveza<\/span><\/span> <span class=\"slide-in-container\"><span class=\"d-inline-block wow case-fade-in-up animated\">Premiada<\/span><\/span> <span class=\"slide-in-container\"><span class=\"d-inline-block wow case-fade-in-up animated\"><\/span><\/span><\/h3>\r\n    <\/div>\r\n<\/div>\r\n\r\n\t\t\t\t<\/div>\n\t\t\t\t<\/div>\n\t\t\t\t<div class=\"elementor-element elementor-element-fbfa6f2 elementor-widget elementor-widget-ct_text_editor\" data-id=\"fbfa6f2\" data-element_type=\"widget\" data-e-type=\"widget\" data-widget_type=\"ct_text_editor.default\">\n\t\t\t\t<div class=\"elementor-widget-container\">\n\t\t\t\t\t<div id=\"ct_text_editor-fbfa6f2\" class=\"ct-text-editor\" data-wow-delay=\"ms\">\n\t<div class=\"ct-item--inner\">\n\t\t<div class=\"ct-inline-css\"  data-css=\"\t        \t\t\t\">\n\n\t    <\/div>\n\t\t<div class=\"ct-text-editor elementor-clearfix\">\n\t\t\t<p>Nuestro proceso de elaboraci\u00f3n es una fusi\u00f3n de tradici\u00f3n e innovaci\u00f3n. Seleccionamos cuidadosamente los ingredientes y aplicamos t\u00e9cnicas de precisi\u00f3n para garantizar que cada lote sea impecable. La dedicaci\u00f3n de nuestro maestro cervecero le ha valido premios Bonvivant y una clientela fiel.<\/p>\t\t\n\t\t<\/div>\n\t<\/div>\n<\/div>\t\t\t\t<\/div>\n\t\t\t\t<\/div>\n\t\t            <\/div>\n        <\/div>\n                <div class=\"elementor-column elementor-col-50 elementor-top-column elementor-element elementor-element-dadb2e0\" data-id=\"dadb2e0\" data-element_type=\"column\" data-e-type=\"column\">\n        <div class=\"elementor-widget-wrap elementor-element-populated\">\n                    \n        \t\t<div class=\"elementor-element elementor-element-52c71b3 elementor-widget elementor-widget-image\" data-id=\"52c71b3\" data-element_type=\"widget\" data-e-type=\"widget\" data-widget_type=\"image.default\">\n\t\t\t\t<div class=\"elementor-widget-container\">\n\t\t\t\t\t\t\t\t\t\t\t\t\t\t\t<img decoding=\"async\" width=\"426\" height=\"426\" src=\"https:\/\/bonvivant.beer\/wp-content\/uploads\/2025\/04\/Barcelona_Beer_Challenge.webp?wsr\" class=\"attachment-woosq size-woosq wp-image-8077\" alt=\"Barcelona Beer Challenge International Awards badge\" srcset=\"https:\/\/bonvivant.beer\/wp-content\/uploads\/2025\/04\/Barcelona_Beer_Challenge.webp 426w, https:\/\/bonvivant.beer\/wp-content\/uploads\/2025\/04\/Barcelona_Beer_Challenge-300x300.webp 300w, https:\/\/bonvivant.beer\/wp-content\/uploads\/2025\/04\/Barcelona_Beer_Challenge-150x150.webp 150w, https:\/\/bonvivant.beer\/wp-content\/uploads\/2025\/04\/Barcelona_Beer_Challenge-50x50.webp 50w, https:\/\/bonvivant.beer\/wp-content\/uploads\/2025\/04\/Barcelona_Beer_Challenge-100x100.webp 100w, https:\/\/bonvivant.beer\/wp-content\/uploads\/2025\/04\/Barcelona_Beer_Challenge-96x96.webp 96w\" sizes=\"(max-width: 426px) 100vw, 426px\" \/>\t\t\t\t\t\t\t\t\t\t\t\t\t\t\t<\/div>\n\t\t\t\t<\/div>\n\t\t            <\/div>\n        <\/div>\n                    <\/div>\n        <\/section>\n                <section class=\"elementor-section elementor-top-section elementor-element elementor-element-5e0b9f0 elementor-section-stretched elementor-section-boxed elementor-section-height-default elementor-section-height-default\" data-id=\"5e0b9f0\" data-element_type=\"section\" data-e-type=\"section\" data-settings=\"{&quot;stretch_section&quot;:&quot;section-stretched&quot;,&quot;background_background&quot;:&quot;classic&quot;}\">\n                            <div class=\"elementor-background-overlay\"><\/div>\n                \n                        <div class=\"elementor-container elementor-column-gap-extended\">\n                    <div class=\"elementor-column elementor-col-50 elementor-top-column elementor-element elementor-element-cf73a59\" data-id=\"cf73a59\" data-element_type=\"column\" data-e-type=\"column\">\n        <div class=\"elementor-widget-wrap elementor-element-populated\">\n                    \n        \t\t<div class=\"elementor-element elementor-element-ef70fd1 elementor-widget elementor-widget-ct_image\" data-id=\"ef70fd1\" data-element_type=\"widget\" data-e-type=\"widget\" data-widget_type=\"ct_image.default\">\n\t\t\t\t<div class=\"elementor-widget-container\">\n\t\t\t\t\t<div class=\"ct-image-single    effect-none\" data-width=\"\" data-height=\"\">\r\n                        <img loading=\"lazy\" decoding=\"async\" width=\"675\" height=\"503\" src=\"https:\/\/bonvivant.beer\/wp-content\/uploads\/2021\/03\/about-img1.webp\" class=\"no-lazyload attachment-full\" alt=\"\" \/>            <\/div>\t\t\t\t<\/div>\n\t\t\t\t<\/div>\n\t\t            <\/div>\n        <\/div>\n                <div class=\"elementor-column elementor-col-50 elementor-top-column elementor-element elementor-element-ea3261c\" data-id=\"ea3261c\" data-element_type=\"column\" data-e-type=\"column\">\n        <div class=\"elementor-widget-wrap elementor-element-populated\">\n                    \n        \t\t<div class=\"elementor-element elementor-element-3ecfbce elementor-widget elementor-widget-ct_heading\" data-id=\"3ecfbce\" data-element_type=\"widget\" data-e-type=\"widget\" data-widget_type=\"ct_heading.default\">\n\t\t\t\t<div class=\"elementor-widget-container\">\n\t\t\t\t\t<div class=\"ct-heading h-align- item-st-default\">\r\n    <div class=\"ct-heading--inner\">\r\n    \t        <h3 class=\"item--title case-animate-time st-default\" data-wow-delay=\"ms\">\r\n            <span class=\"slide-in-container\"><span class=\"d-inline-block wow case-fade-in-up\">Nuestro<\/span><\/span> <span class=\"slide-in-container\"><span class=\"d-inline-block wow case-fade-in-up\">maestro<\/span><\/span> <span class=\"slide-in-container\"><span class=\"d-inline-block wow case-fade-in-up\">cervecero<\/span><\/span>        <\/h3>\r\n    <\/div>\r\n<\/div>\r\n\r\n\t\t\t\t<\/div>\n\t\t\t\t<\/div>\n\t\t\t\t<div class=\"elementor-element elementor-element-d0d4f73 elementor-widget elementor-widget-ct_text_editor\" data-id=\"d0d4f73\" data-element_type=\"widget\" data-e-type=\"widget\" data-widget_type=\"ct_text_editor.default\">\n\t\t\t\t<div class=\"elementor-widget-container\">\n\t\t\t\t\t<div id=\"ct_text_editor-d0d4f73\" class=\"ct-text-editor\" data-wow-delay=\"ms\">\n\t<div class=\"ct-item--inner\">\n\t\t<div class=\"ct-inline-css\"  data-css=\"\t        \t\t\t\">\n\n\t    <\/div>\n\t\t<div class=\"ct-text-editor elementor-clearfix\">\n\t\t\t\t\t\n\t\t<\/div>\n\t<\/div>\n<\/div>\t\t\t\t<\/div>\n\t\t\t\t<\/div>\n\t\t\t\t<div class=\"elementor-element elementor-element-9266724 elementor-widget elementor-widget-ct_text_editor\" data-id=\"9266724\" data-element_type=\"widget\" data-e-type=\"widget\" data-widget_type=\"ct_text_editor.default\">\n\t\t\t\t<div class=\"elementor-widget-container\">\n\t\t\t\t\t<div id=\"ct_text_editor-9266724\" class=\"ct-text-editor\" data-wow-delay=\"ms\">\n\t<div class=\"ct-item--inner\">\n\t\t<div class=\"ct-inline-css\"  data-css=\"\t        \t\t\t\">\n\n\t    <\/div>\n\t\t<div class=\"ct-text-editor elementor-clearfix\">\n\t\t\t<p><strong data-start=\"452\" data-end=\"474\">Alessio Allegretti<\/strong> descubri\u00f3 su pasi\u00f3n por la cerveza en un momento de inspiraci\u00f3n inesperado: tras ver un programa de televisi\u00f3n sobre un cervecero estadounidense. Esa chispa se convirti\u00f3 r\u00e1pidamente en una vocaci\u00f3n. Al d\u00eda siguiente, se propuso aprender el oficio, dedicando dos a\u00f1os a estudiar y perfeccionar sus propias recetas en la cocina de su casa. Lo que comenz\u00f3 como una curiosidad personal se convirti\u00f3 en una trayectoria profesional, que lo llev\u00f3 a pasar los siguientes nueve a\u00f1os perfeccionando sus habilidades en La Catarina. Hoy, Alessio aporta su profundo conocimiento, creatividad y dedicaci\u00f3n a cada lote de cerveza Bonvivant, elaborando cervezas audaces y equilibradas que reflejan su pasi\u00f3n y experiencia.<\/p>\t\t\n\t\t<\/div>\n\t<\/div>\n<\/div>\t\t\t\t<\/div>\n\t\t\t\t<\/div>\n\t\t        <section class=\"elementor-section elementor-inner-section elementor-element elementor-element-1b6ef73 elementor-section-boxed elementor-section-height-default elementor-section-height-default\" data-id=\"1b6ef73\" data-element_type=\"section\" data-e-type=\"section\">\n            \n                        <div class=\"elementor-container elementor-column-gap-extended\">\n                    <div class=\"elementor-column elementor-col-50 elementor-inner-column elementor-element elementor-element-49c40ea\" data-id=\"49c40ea\" data-element_type=\"column\" data-e-type=\"column\">\n        <div class=\"elementor-widget-wrap elementor-element-populated\">\n                    \n        \t\t<div class=\"elementor-element elementor-element-da3daf7 elementor-widget elementor-widget-ct_fancy_box\" data-id=\"da3daf7\" data-element_type=\"widget\" data-e-type=\"widget\" data-widget_type=\"ct_fancy_box.default\">\n\t\t\t\t<div class=\"elementor-widget-container\">\n\t\t\t\t\t<div class=\"ct-fancy-box ct-fancy-box-layout3 style1\" data-wow-delay=\"ms\">\r\n    <div class=\"item--inner\">\r\n                    <div class=\"item--icon\">\r\n                <i aria-hidden=\"true\" class=\"far fa-thumbs-up\"><\/i>            <\/div>\r\n                        <div class=\"item--holder\">\r\n            <h5 class=\"item--title\">\r\n                \u00bfCerveza favorita?            <\/h5>\r\n            <div class=\"item--description\">Una buena IPA.<\/div>\r\n        <\/div>\r\n            <\/div>\r\n<\/div>\t\t\t\t<\/div>\n\t\t\t\t<\/div>\n\t\t            <\/div>\n        <\/div>\n                <div class=\"elementor-column elementor-col-50 elementor-inner-column elementor-element elementor-element-8731797\" data-id=\"8731797\" data-element_type=\"column\" data-e-type=\"column\">\n        <div class=\"elementor-widget-wrap elementor-element-populated\">\n                    \n        \t\t<div class=\"elementor-element elementor-element-11b70e4 elementor-widget elementor-widget-ct_fancy_box\" data-id=\"11b70e4\" data-element_type=\"widget\" data-e-type=\"widget\" data-widget_type=\"ct_fancy_box.default\">\n\t\t\t\t<div class=\"elementor-widget-container\">\n\t\t\t\t\t<div class=\"ct-fancy-box ct-fancy-box-layout3 style1\" data-wow-delay=\"ms\">\r\n    <div class=\"item--inner\">\r\n                    <div class=\"item--icon\">\r\n                <i aria-hidden=\"true\" class=\"far fa-thumbs-down\"><\/i>            <\/div>\r\n                        <div class=\"item--holder\">\r\n            <h5 class=\"item--title\">\r\n                \u00bfQu\u00e9 odia?            <\/h5>\r\n            <div class=\"item--description\">Llegar tarde.<\/div>\r\n        <\/div>\r\n            <\/div>\r\n<\/div>\t\t\t\t<\/div>\n\t\t\t\t<\/div>\n\t\t            <\/div>\n        <\/div>\n                    <\/div>\n        <\/section>\n                    <\/div>\n        <\/div>\n                    <\/div>\n        <\/section>\n        \t\t<\/div>","protected":false},"excerpt":{"rendered":"<p>Brews away! Bonvivant is M\u00e1laga\u2019s original independent craft brewery, founded in 2014 by a group of beer lovers who saw the untapped potential for craft beer along the Costa del Sol. Nestled in the heart of the Guadalhorce industrial district, Bonvivant underwent a bold renovation in 2024 &#8211; ushering in a new era of management, [&hellip;]<\/p>\n","protected":false},"author":2,"featured_media":0,"parent":0,"menu_order":0,"comment_status":"closed","ping_status":"closed","template":"","meta":{"_price":"","_stock":"","_tribe_ticket_header":"","_tribe_default_ticket_provider":"","_tribe_ticket_capacity":"0","_ticket_start_date":"","_ticket_end_date":"","_tribe_ticket_show_description":"","_tribe_ticket_show_not_going":false,"_tribe_ticket_use_global_stock":"","_tribe_ticket_global_stock_level":"","_global_stock_mode":"","_global_stock_cap":"","_tribe_rsvp_for_event":"","_tribe_ticket_going_count":"","_tribe_ticket_not_going_count":"","_tribe_tickets_list":"[]","_tribe_ticket_has_attendee_info_fields":false,"footnotes":"","_tec_slr_enabled":"","_tec_slr_layout":""},"class_list":["post-20","page","type-page","status-publish","hentry"],"ticketed":false,"_links":{"self":[{"href":"https:\/\/bonvivant.beer\/es\/wp-json\/wp\/v2\/pages\/20","targetHints":{"allow":["GET"]}}],"collection":[{"href":"https:\/\/bonvivant.beer\/es\/wp-json\/wp\/v2\/pages"}],"about":[{"href":"https:\/\/bonvivant.beer\/es\/wp-json\/wp\/v2\/types\/page"}],"author":[{"embeddable":true,"href":"https:\/\/bonvivant.beer\/es\/wp-json\/wp\/v2\/users\/2"}],"replies":[{"embeddable":true,"href":"https:\/\/bonvivant.beer\/es\/wp-json\/wp\/v2\/comments?post=20"}],"version-history":[{"count":0,"href":"https:\/\/bonvivant.beer\/es\/wp-json\/wp\/v2\/pages\/20\/revisions"}],"wp:attachment":[{"href":"https:\/\/bonvivant.beer\/es\/wp-json\/wp\/v2\/media?parent=20"}],"curies":[{"name":"wp","href":"https:\/\/api.w.org\/{rel}","templated":true}]}}