{"id":3,"date":"2021-03-11T03:42:01","date_gmt":"2021-03-11T03:42:01","guid":{"rendered":"https:\/\/demo.casethemes.net\/organio\/?page_id=3"},"modified":"2025-08-10T16:13:21","modified_gmt":"2025-08-10T14:13:21","slug":"privacy-policy","status":"publish","type":"page","link":"https:\/\/bonvivant.beer\/es\/privacy-policy\/","title":{"rendered":"Politica de Privacidad"},"content":{"rendered":"<div data-elementor-type=\"wp-page\" data-elementor-id=\"3\" class=\"elementor elementor-3\" data-elementor-post-type=\"page\">\n\t\t\t\t        <section class=\"elementor-section elementor-top-section elementor-element elementor-element-b8832ad elementor-section-boxed elementor-section-height-default elementor-section-height-default\" data-id=\"b8832ad\" data-element_type=\"section\" data-e-type=\"section\">\n            \n                        <div class=\"elementor-container elementor-column-gap-default\">\n                    <div class=\"elementor-column elementor-col-100 elementor-top-column elementor-element elementor-element-77ce484\" data-id=\"77ce484\" data-element_type=\"column\" data-e-type=\"column\">\n        <div class=\"elementor-widget-wrap elementor-element-populated\">\n                    \n        \t\t<div class=\"elementor-element elementor-element-aa745aa ct-privacy-policy elementor-widget elementor-widget-ct_text_editor\" data-id=\"aa745aa\" data-element_type=\"widget\" data-e-type=\"widget\" data-widget_type=\"ct_text_editor.default\">\n\t\t\t\t<div class=\"elementor-widget-container\">\n\t\t\t\t\t<div id=\"ct_text_editor-aa745aa\" class=\"ct-text-editor\" data-wow-delay=\"ms\">\n\t<div class=\"ct-item--inner\">\n\t\t<div class=\"ct-inline-css\"  data-css=\"\t        \t\t\t\">\n\n\t    <\/div>\n\t\t<div class=\"ct-text-editor elementor-clearfix\">\n\t\t\t<h3>Qui\u00e9nes somos<\/h3>\n<p>La direcci\u00f3n de nuestro sitio web es: https:\/\/bonvivant.beer. Bonvivant Beer es una cervecer\u00eda artesanal independiente con sede en M\u00e1laga, Espa\u00f1a.<\/p>\n<h3>Qu\u00e9 datos personales recogemos y por qu\u00e9 los recogemos<\/h3>\n<h4>Comentarios<\/h4>\n<p>Cuando los visitantes dejan comentarios en el sitio, recopilamos los datos que se muestran en el formulario de comentarios, as\u00ed como la direcci\u00f3n IP del visitante y la cadena de agente de usuario del navegador para ayudar a la detecci\u00f3n de spam.<\/p>\n\n<p>Se puede proporcionar al servicio Gravatar una cadena anonimizada creada a partir de tu direcci\u00f3n de correo electr\u00f3nico (tambi\u00e9n llamada hash) para ver si la est\u00e1s utilizando. La pol\u00edtica de privacidad del servicio Gravatar est\u00e1 disponible aqu\u00ed: https:\/\/automattic.com\/privacy\/. Despu\u00e9s de la aprobaci\u00f3n de tu comentario, tu foto de perfil ser\u00e1 visible para el p\u00fablico en el contexto de tu comentario.<\/p>\n<h4>Medios<\/h4>\n<p>Si subes im\u00e1genes al sitio web, deber\u00edas evitar subir im\u00e1genes con datos de ubicaci\u00f3n incrustados (EXIF GPS). Los visitantes del sitio web pueden descargar y extraer cualquier dato de ubicaci\u00f3n de las im\u00e1genes del sitio web.<\/p>\n<h4>Formularios de contacto<\/h4>\n<p>Si nos contactas a trav\u00e9s de cualquier formulario en nuestro sitio web, podemos recopilar tu nombre, direcci\u00f3n de correo electr\u00f3nico y cualquier otro dato que nos proporciones para responder a tu consulta o procesar tu solicitud. No utilizamos la informaci\u00f3n enviada con fines de marketing a menos que aceptes expl\u00edcitamente.<\/p>\n<h4>Cookies<\/h4>\n<p>Si dejas un comentario en nuestro sitio, puedes optar por guardar tu nombre, direcci\u00f3n de correo electr\u00f3nico y sitio web en cookies. Esto es para tu comodidad, para que no tengas que volver a introducir tus datos cuando dejes otro comentario. Estas cookies durar\u00e1n un a\u00f1o.<\/p>\n\n<p>Si tienes una cuenta y accedes a este sitio, estableceremos una cookie temporal para determinar si tu navegador acepta cookies. Esta cookie no contiene datos personales y se descarta al cerrar el navegador.<\/p>\n\n<p>Cuando inicias sesi\u00f3n, tambi\u00e9n configuramos varias cookies para guardar tu informaci\u00f3n de inicio de sesi\u00f3n y tus opciones de visualizaci\u00f3n de pantalla. Las cookies de inicio de sesi\u00f3n duran dos d\u00edas, y las cookies de opciones de pantalla duran un a\u00f1o. Si seleccionas \u201cRecordarme\u201d, tu inicio de sesi\u00f3n persistir\u00e1 durante dos semanas. Si cierras la sesi\u00f3n de tu cuenta, las cookies de inicio de sesi\u00f3n se eliminar\u00e1n.<\/p>\n\n<p>Si editas o publicas un art\u00edculo, se guardar\u00e1 una cookie adicional en tu navegador. Esta cookie no contiene datos personales y simplemente indica el ID de la entrada del art\u00edculo que acabas de editar. Caduca despu\u00e9s de 1 d\u00eda.<\/p>\n<h4>Contenido incrustado de otros sitios web<\/h4>\n<p>Los art\u00edculos de este sitio pueden incluir contenido incrustado (por ejemplo, v\u00eddeos, im\u00e1genes, art\u00edculos, etc.). El contenido incrustado de otros sitios web se comporta exactamente de la misma manera que si el visitante hubiera visitado el otro sitio web.<\/p>\n\n<p>Estos sitios web pueden recopilar datos sobre ti, utilizar cookies, incrustar un seguimiento adicional de terceros y supervisar tu interacci\u00f3n con ese contenido incrustado, incluido el seguimiento de tu interacci\u00f3n si tienes una cuenta y has iniciado sesi\u00f3n en ese sitio web.<\/p>\n<h4>Anal\u00edtica<\/h4>\n<p>Utilizamos servicios de anal\u00edtica para comprender mejor c\u00f3mo los visitantes usan nuestro sitio web. Esto nos ayuda a mejorar nuestro sitio, productos y servicios. Estas herramientas de anal\u00edtica pueden recopilar informaci\u00f3n como tu direcci\u00f3n IP, tipo de navegador, p\u00e1ginas visitadas y el tiempo que pasas en nuestro sitio.<\/p>\n<h3>Con qui\u00e9n compartimos tus datos<\/h3>\n<p>No vendemos, intercambiamos ni alquilamos informaci\u00f3n personal identificable de los usuarios. Podemos compartir informaci\u00f3n demogr\u00e1fica gen\u00e9rica no vinculada a ninguna informaci\u00f3n personal identificable con nuestros socios comerciales o afiliados de confianza para los fines descritos anteriormente. Los comentarios de los visitantes pueden ser revisados a trav\u00e9s de un servicio automatizado de detecci\u00f3n de spam.<\/p>\n<h3>Cu\u00e1nto tiempo conservamos tus datos<\/h3>\n<p>Si dejas un comentario, el comentario y sus metadatos se conservan indefinidamente. Esto es para que podamos reconocer y aprobar autom\u00e1ticamente cualquier comentario posterior en lugar de mantenerlo en una cola de moderaci\u00f3n.<\/p>\n\n<p>Para los usuarios que se registren en nuestro sitio web (si los hay), tambi\u00e9n almacenamos la informaci\u00f3n personal que proporcionan en su perfil de usuario. Todos los usuarios pueden ver, editar o eliminar su informaci\u00f3n personal en cualquier momento (excepto que no pueden cambiar su nombre de usuario). Los administradores del sitio web tambi\u00e9n pueden ver y editar esa informaci\u00f3n.<\/p>\n<h3>Qu\u00e9 derechos tienes sobre tus datos<\/h3>\n<p>Si tienes una cuenta en este sitio o has dejado comentarios, puedes solicitar recibir un archivo exportado de los datos personales que tenemos sobre ti, incluidos los datos que nos hayas proporcionado. Tambi\u00e9n puedes solicitar que eliminemos cualquier dato personal que tengamos sobre ti. Esto no incluye ning\u00fan dato que estemos obligados a conservar con fines administrativos, legales o de seguridad.<\/p>\n<h3>D\u00f3nde enviamos tus datos<\/h3>\n<p>Los comentarios de los visitantes pueden ser revisados a trav\u00e9s de un servicio automatizado de detecci\u00f3n de spam.<\/p>\n<h3>Tu informaci\u00f3n de contacto<\/h3>\n<p>Si tienes alguna duda espec\u00edfica sobre privacidad, puedes contactarnos en:<\/p>\n<p>Correo electr\u00f3nico: privacy@bonvivant.beer<\/p>\n<p>Direcci\u00f3n: Bonvivant Beer, Pol\u00edgono Guadalhorce, M\u00e1laga, Espa\u00f1a<\/p>\n<h3>Informaci\u00f3n adicional<\/h3>\n<h4>C\u00f3mo protegemos tus datos<\/h4>\n<p>Utilizamos medidas t\u00e9cnicas y organizativas adecuadas para proteger los datos personales que recopilamos y procesamos. Esto incluye servidores seguros, cifrado cuando es apropiado y acceso limitado a la informaci\u00f3n personal solo a personal autorizado.<\/p>\n<h4>Qu\u00e9 procedimientos tenemos contra brechas de datos<\/h4>\n<p>En caso de una brecha de datos, notificaremos a los usuarios afectados lo antes posible por correo electr\u00f3nico y\/o un aviso destacado en nuestro sitio web, y cumpliremos con todas las leyes de protecci\u00f3n de datos aplicables.<\/p>\n<h4>De qu\u00e9 terceros recibimos datos<\/h4>\n<p>Podemos recibir datos de procesadores de pago (como Stripe o PayPal) para procesar tus transacciones de forma segura.<\/p>\n<h4>Qu\u00e9 toma de decisiones automatizada y\/o perfilado hacemos con los datos del usuario<\/h4>\n<p>No utilizamos datos personales para la toma de decisiones automatizada o perfilado que produzca efectos legales o impactos significativos similares en ti.<\/p>\n<h4>Requisitos de divulgaci\u00f3n regulatoria de la industria<\/h4>\n<p>Si es necesario, podemos divulgar tu informaci\u00f3n personal para cumplir con una obligaci\u00f3n legal o responder a solicitudes legales de autoridades p\u00fablicas.<\/p>\n\t\t\n\t\t<\/div>\n\t<\/div>\n<\/div>\t\t\t\t<\/div>\n\t\t\t\t<\/div>\n\t\t            <\/div>\n        <\/div>\n                    <\/div>\n        <\/section>\n        \t\t<\/div>","protected":false},"excerpt":{"rendered":"<p>Who we are Our website address is: https:\/\/bonvivant.beer. Bonvivant Beer is an independent craft brewery based in M\u00e1laga, Spain. What personal data we collect and why we collect it Comments When visitors leave comments on the site we collect the data shown in the comments form, and also the visitor\u2019s IP address and browser user [&hellip;]<\/p>\n","protected":false},"author":2,"featured_media":0,"parent":0,"menu_order":0,"comment_status":"closed","ping_status":"open","template":"","meta":{"_price":"","_stock":"","_tribe_ticket_header":"","_tribe_default_ticket_provider":"","_tribe_ticket_capacity":"0","_ticket_start_date":"","_ticket_end_date":"","_tribe_ticket_show_description":"","_tribe_ticket_show_not_going":false,"_tribe_ticket_use_global_stock":"","_tribe_ticket_global_stock_level":"","_global_stock_mode":"","_global_stock_cap":"","_tribe_rsvp_for_event":"","_tribe_ticket_going_count":"","_tribe_ticket_not_going_count":"","_tribe_tickets_list":"[]","_tribe_ticket_has_attendee_info_fields":false,"footnotes":"","_tec_slr_enabled":"","_tec_slr_layout":""},"class_list":["post-3","page","type-page","status-publish","hentry"],"ticketed":false,"_links":{"self":[{"href":"https:\/\/bonvivant.beer\/es\/wp-json\/wp\/v2\/pages\/3","targetHints":{"allow":["GET"]}}],"collection":[{"href":"https:\/\/bonvivant.beer\/es\/wp-json\/wp\/v2\/pages"}],"about":[{"href":"https:\/\/bonvivant.beer\/es\/wp-json\/wp\/v2\/types\/page"}],"author":[{"embeddable":true,"href":"https:\/\/bonvivant.beer\/es\/wp-json\/wp\/v2\/users\/2"}],"replies":[{"embeddable":true,"href":"https:\/\/bonvivant.beer\/es\/wp-json\/wp\/v2\/comments?post=3"}],"version-history":[{"count":0,"href":"https:\/\/bonvivant.beer\/es\/wp-json\/wp\/v2\/pages\/3\/revisions"}],"wp:attachment":[{"href":"https:\/\/bonvivant.beer\/es\/wp-json\/wp\/v2\/media?parent=3"}],"curies":[{"name":"wp","href":"https:\/\/api.w.org\/{rel}","templated":true}]}}