{"id":8102,"date":"2025-05-06T07:47:48","date_gmt":"2025-05-06T07:47:48","guid":{"rendered":"https:\/\/bonvivant.beer\/?page_id=8102"},"modified":"2025-08-08T18:53:17","modified_gmt":"2025-08-08T16:53:17","slug":"craft-beer-subscription","status":"publish","type":"page","link":"https:\/\/bonvivant.beer\/es\/craft-beer-subscription\/","title":{"rendered":"Bonvivant Craft Beer Membership"},"content":{"rendered":"<div data-elementor-type=\"wp-page\" data-elementor-id=\"8102\" class=\"elementor elementor-8102\" data-elementor-post-type=\"page\">\n\t\t\t\t<div class=\"elementor-element elementor-element-535d23c e-flex e-con-boxed e-con e-parent\" data-id=\"535d23c\" data-element_type=\"container\" data-e-type=\"container\" data-settings=\"{&quot;background_background&quot;:&quot;classic&quot;}\">\n\t\t\t\t\t<div class=\"e-con-inner\">\n\t\t<div class=\"elementor-element elementor-element-2735fc7 e-con-full e-flex e-con e-child\" data-id=\"2735fc7\" data-element_type=\"container\" data-e-type=\"container\">\n\t\t\t\t<div class=\"elementor-element elementor-element-78e3287 elementor-widget elementor-widget-ct_heading\" data-id=\"78e3287\" data-element_type=\"widget\" data-e-type=\"widget\" data-widget_type=\"ct_heading.default\">\n\t\t\t\t<div class=\"elementor-widget-container\">\n\t\t\t\t\t<div class=\"ct-heading h-align- item-st-default\">\r\n    <div class=\"ct-heading--inner\">\r\n    \t        <h1 class=\"item--title case-animate-time st-default wow\" data-wow-delay=\"ms\">\r\n            <span>AHORRA HASTA UN 35%<\/span>        <\/h1>\r\n    <\/div>\r\n<\/div>\r\n\r\n\t\t\t\t<\/div>\n\t\t\t\t<\/div>\n\t\t\t\t<div class=\"elementor-element elementor-element-3d14687 elementor-widget elementor-widget-ct_text_editor\" data-id=\"3d14687\" data-element_type=\"widget\" data-e-type=\"widget\" data-widget_type=\"ct_text_editor.default\">\n\t\t\t\t<div class=\"elementor-widget-container\">\n\t\t\t\t\t<div id=\"ct_text_editor-3d14687\" class=\"ct-text-editor\" data-wow-delay=\"ms\">\n\t<div class=\"ct-item--inner\">\n\t\t<div class=\"ct-inline-css\"  data-css=\"\t        \t\t\t\">\n\n\t    <\/div>\n\t\t<div class=\"ct-text-editor elementor-clearfix\">\n\t\t\t<p>\u00danase al Bonvivant Beer Club y ahorre con descuentos en cerveza artesanal y productos, acceso prioritario a cervezas de edici\u00f3n limitada, productos exclusivos para miembros y m\u00e1s.<\/p>\t\t\n\t\t<\/div>\n\t<\/div>\n<\/div>\t\t\t\t<\/div>\n\t\t\t\t<\/div>\n\t\t\t\t<div class=\"elementor-element elementor-element-f052396 elementor-widget elementor-widget-ct_button\" data-id=\"f052396\" data-element_type=\"widget\" data-e-type=\"widget\" data-widget_type=\"ct_button.default\">\n\t\t\t\t<div class=\"elementor-widget-container\">\n\t\t\t\t\t<div id=\"ct_button-f052396\" class=\"ct-button-wrapper ct-button-layout1\">\r\n    <div class=\"ct-inline-css\"  data-css=\"        \">\r\n    <\/div>\r\n\r\n            <span class=\"ct-icon-active\"><\/span>\r\n        <a href=\"\/es\/shop\/?add-to-cart=8101\" class=\"btn btn-default btn-animate  icon-ps-\" data-wow-delay=\"ms\">\r\n                            <span class=\"ct-button-icon ct-align-icon-\">\r\n                            <\/span>\r\n                <span class=\"ct-button-text\">\u00a1\u00danete al club!<\/span>\r\n    <\/a>\r\n<\/div>\t\t\t\t<\/div>\n\t\t\t\t<\/div>\n\t\t\t\t<\/div>\n\t\t<div class=\"elementor-element elementor-element-8d9ce1f e-con-full e-flex e-con e-child\" data-id=\"8d9ce1f\" data-element_type=\"container\" data-e-type=\"container\">\n\t\t\t\t<div class=\"elementor-element elementor-element-5b58cda elementor-widget elementor-widget-image\" data-id=\"5b58cda\" data-element_type=\"widget\" data-e-type=\"widget\" data-widget_type=\"image.default\">\n\t\t\t\t<div class=\"elementor-widget-container\">\n\t\t\t\t\t\t\t\t\t\t\t\t\t\t\t<img fetchpriority=\"high\" decoding=\"async\" width=\"524\" height=\"613\" src=\"https:\/\/bonvivant.beer\/wp-content\/uploads\/2021\/04\/h1-slide3-layer2.png\" class=\"attachment-large size-large wp-image-1901\" alt=\"h1-slide3-layer2\" srcset=\"https:\/\/bonvivant.beer\/wp-content\/uploads\/2021\/04\/h1-slide3-layer2.png 524w, https:\/\/bonvivant.beer\/wp-content\/uploads\/2021\/04\/h1-slide3-layer2-256x300.png 256w, https:\/\/bonvivant.beer\/wp-content\/uploads\/2021\/04\/h1-slide3-layer2-58x68.png 58w\" sizes=\"(max-width: 524px) 100vw, 524px\" \/>\t\t\t\t\t\t\t\t\t\t\t\t\t\t\t<\/div>\n\t\t\t\t<\/div>\n\t\t\t\t<\/div>\n\t\t\t\t\t<\/div>\n\t\t\t\t<\/div>\n\t\t<div class=\"elementor-element elementor-element-b3d9e40 e-flex e-con-boxed e-con e-parent\" data-id=\"b3d9e40\" data-element_type=\"container\" data-e-type=\"container\" data-settings=\"{&quot;background_background&quot;:&quot;classic&quot;}\">\n\t\t\t\t\t<div class=\"e-con-inner\">\n\t\t\t\t<div class=\"elementor-element elementor-element-943cacc elementor-widget__width-inherit elementor-widget elementor-widget-ct_heading\" data-id=\"943cacc\" data-element_type=\"widget\" data-e-type=\"widget\" data-widget_type=\"ct_heading.default\">\n\t\t\t\t<div class=\"elementor-widget-container\">\n\t\t\t\t\t<div class=\"ct-heading h-align-center item-st-default\">\r\n    <div class=\"ct-heading--inner\">\r\n    \t        <h3 class=\"item--title case-animate-time st-default wow\" data-wow-delay=\"ms\">\r\n            <span>Adem\u00e1s, un vaso gratis al unirte*<\/span>        <\/h3>\r\n    <\/div>\r\n<\/div>\r\n\r\n\t\t\t\t<\/div>\n\t\t\t\t<\/div>\n\t\t\t\t\t<\/div>\n\t\t\t\t<\/div>\n\t\t<div class=\"elementor-element elementor-element-26b9978 e-flex e-con-boxed e-con e-parent\" data-id=\"26b9978\" data-element_type=\"container\" data-e-type=\"container\">\n\t\t\t\t\t<div class=\"e-con-inner\">\n\t\t\t\t<div class=\"elementor-element elementor-element-1062e74 elementor-widget elementor-widget-ct_heading\" data-id=\"1062e74\" data-element_type=\"widget\" data-e-type=\"widget\" data-widget_type=\"ct_heading.default\">\n\t\t\t\t<div class=\"elementor-widget-container\">\n\t\t\t\t\t<div class=\"ct-heading h-align-center item-st-default\">\r\n    <div class=\"ct-heading--inner\">\r\n    \t        <h2 class=\"item--title case-animate-time st-default wow\" data-wow-delay=\"ms\">\r\n            <span>\u00danete al Club de Cerveza Bonvivant y obt\u00e9n beneficios como<\/span>        <\/h2>\r\n    <\/div>\r\n<\/div>\r\n\r\n\t\t\t\t<\/div>\n\t\t\t\t<\/div>\n\t\t\t\t\t<\/div>\n\t\t\t\t<\/div>\n\t\t<div class=\"elementor-element elementor-element-7c60bcd e-grid e-con-boxed e-con e-parent\" data-id=\"7c60bcd\" data-element_type=\"container\" data-e-type=\"container\">\n\t\t\t\t\t<div class=\"e-con-inner\">\n\t\t\t\t<div class=\"elementor-element elementor-element-11ed36e elementor-view-default elementor-position-block-start elementor-mobile-position-block-start elementor-widget elementor-widget-icon-box\" data-id=\"11ed36e\" data-element_type=\"widget\" data-e-type=\"widget\" data-widget_type=\"icon-box.default\">\n\t\t\t\t<div class=\"elementor-widget-container\">\n\t\t\t\t\t\t\t<div class=\"elementor-icon-box-wrapper\">\n\n\t\t\t\t\t\t<div class=\"elementor-icon-box-icon\">\n\t\t\t\t<span  class=\"elementor-icon\">\n\t\t\t\t<i aria-hidden=\"true\" class=\"fas fa-wallet\"><\/i>\t\t\t\t<\/span>\n\t\t\t<\/div>\n\t\t\t\n\t\t\t\t\t\t<div class=\"elementor-icon-box-content\">\n\n\t\t\t\t\t\t\t\t\t<h5 class=\"elementor-icon-box-title\">\n\t\t\t\t\t\t<span  >\n\t\t\t\t\t\t\t35% de descuento\t\t\t\t\t\t<\/span>\n\t\t\t\t\t<\/h5>\n\t\t\t\t\n\t\t\t\t\t\t\t\t\t<p class=\"elementor-icon-box-description\">\n\t\t\t\t\t\tEn todos los pedidos de 12 cervezas o m\u00e1s.\t\t\t\t\t<\/p>\n\t\t\t\t\n\t\t\t<\/div>\n\t\t\t\n\t\t<\/div>\n\t\t\t\t\t\t<\/div>\n\t\t\t\t<\/div>\n\t\t\t\t<div class=\"elementor-element elementor-element-e09c7eb elementor-view-default elementor-position-block-start elementor-mobile-position-block-start elementor-widget elementor-widget-icon-box\" data-id=\"e09c7eb\" data-element_type=\"widget\" data-e-type=\"widget\" data-widget_type=\"icon-box.default\">\n\t\t\t\t<div class=\"elementor-widget-container\">\n\t\t\t\t\t\t\t<div class=\"elementor-icon-box-wrapper\">\n\n\t\t\t\t\t\t<div class=\"elementor-icon-box-icon\">\n\t\t\t\t<span  class=\"elementor-icon\">\n\t\t\t\t<i aria-hidden=\"true\" class=\"fas fa-tshirt\"><\/i>\t\t\t\t<\/span>\n\t\t\t<\/div>\n\t\t\t\n\t\t\t\t\t\t<div class=\"elementor-icon-box-content\">\n\n\t\t\t\t\t\t\t\t\t<h5 class=\"elementor-icon-box-title\">\n\t\t\t\t\t\t<span  >\n\t\t\t\t\t\t\tRegalo de bienvenida\t\t\t\t\t\t<\/span>\n\t\t\t\t\t<\/h5>\n\t\t\t\t\n\t\t\t\t\t\t\t\t\t<p class=\"elementor-icon-box-description\">\n\t\t\t\t\t\tCamiseta, vaso de cerveza y 6 cervezas (en barra o con env\u00edo) al inscribirte.\t\t\t\t\t<\/p>\n\t\t\t\t\n\t\t\t<\/div>\n\t\t\t\n\t\t<\/div>\n\t\t\t\t\t\t<\/div>\n\t\t\t\t<\/div>\n\t\t\t\t<div class=\"elementor-element elementor-element-5a50885 elementor-view-default elementor-position-block-start elementor-mobile-position-block-start elementor-widget elementor-widget-icon-box\" data-id=\"5a50885\" data-element_type=\"widget\" data-e-type=\"widget\" data-widget_type=\"icon-box.default\">\n\t\t\t\t<div class=\"elementor-widget-container\">\n\t\t\t\t\t\t\t<div class=\"elementor-icon-box-wrapper\">\n\n\t\t\t\t\t\t<div class=\"elementor-icon-box-icon\">\n\t\t\t\t<span  class=\"elementor-icon\">\n\t\t\t\t<i aria-hidden=\"true\" class=\"fas fa-record-vinyl\"><\/i>\t\t\t\t<\/span>\n\t\t\t<\/div>\n\t\t\t\n\t\t\t\t\t\t<div class=\"elementor-icon-box-content\">\n\n\t\t\t\t\t\t\t\t\t<h5 class=\"elementor-icon-box-title\">\n\t\t\t\t\t\t<span  >\n\t\t\t\t\t\t\tVamos a festejar\t\t\t\t\t\t<\/span>\n\t\t\t\t\t<\/h5>\n\t\t\t\t\n\t\t\t\t\t\t\t\t\t<p class=\"elementor-icon-box-description\">\n\t\t\t\t\t\tAcceso gratuito a eventos especiales.\t\t\t\t\t<\/p>\n\t\t\t\t\n\t\t\t<\/div>\n\t\t\t\n\t\t<\/div>\n\t\t\t\t\t\t<\/div>\n\t\t\t\t<\/div>\n\t\t\t\t\t<\/div>\n\t\t\t\t<\/div>\n\t\t<div class=\"elementor-element elementor-element-6fadf47 e-flex e-con-boxed e-con e-parent\" data-id=\"6fadf47\" data-element_type=\"container\" data-e-type=\"container\" data-settings=\"{&quot;background_background&quot;:&quot;classic&quot;}\">\n\t\t\t\t\t<div class=\"e-con-inner\">\n\t\t\t\t<div class=\"elementor-element elementor-element-3441175 elementor-widget elementor-widget-ct_heading\" data-id=\"3441175\" data-element_type=\"widget\" data-e-type=\"widget\" data-widget_type=\"ct_heading.default\">\n\t\t\t\t<div class=\"elementor-widget-container\">\n\t\t\t\t\t<div class=\"ct-heading h-align- item-st-default\">\r\n    <div class=\"ct-heading--inner\">\r\n    \t        <h3 class=\"item--title case-animate-time st-default wow\" data-wow-delay=\"ms\">\r\n            <span>Preguntas frecuentes<\/span>        <\/h3>\r\n    <\/div>\r\n<\/div>\r\n\r\n\t\t\t\t<\/div>\n\t\t\t\t<\/div>\n\t\t\t\t<div class=\"elementor-element elementor-element-d6b4656 elementor-widget elementor-widget-ct_accordion\" data-id=\"d6b4656\" data-element_type=\"widget\" data-e-type=\"widget\" data-widget_type=\"ct_accordion.default\">\n\t\t\t\t<div class=\"elementor-widget-container\">\n\t\t\t\t\t    <div id=\"ct_accordion-d6b4656\" class=\"ct-accordion layout1\" data-wow-duration=\"1.2s\">\r\n                    <div class=\"ct-accordion-item active\">\r\n                <div class=\"ct-ac-title active\" data-target=\"#2340e7fct_accordion-d6b4656\">\r\n                    <a class=\"ct-ac-title-text\">\u00bfQu\u00e9 es el Club de Cerveza Bonvivant?<\/a>\r\n                <\/div>\r\n                <div id=\"2340e7fct_accordion-d6b4656\" class=\"ct-ac-content\" style=\"display:block;\">El Club de Cerveza Bonvivant es una membres\u00eda anual. Al hacerte socio, disfrutar\u00e1s de todos los beneficios: mayores ahorros, m\u00e1s variedad, cervezas artesanales exclusivas y mucho m\u00e1s.<\/div>\r\n            <\/div>\r\n                    <div class=\"ct-accordion-item\">\r\n                <div class=\"ct-ac-title\" data-target=\"#4addf17ct_accordion-d6b4656\">\r\n                    <a class=\"ct-ac-title-text\">\u00bfPara qui\u00e9n es?<\/a>\r\n                <\/div>\r\n                <div id=\"4addf17ct_accordion-d6b4656\" class=\"ct-ac-content\">\u00a1Es para todos! Especialmente si planean pedir con frecuencia. Si valoran la flexibilidad, la variedad y poder pedir a su propio ritmo, la membres\u00eda es para ustedes. Disfrutar\u00e1n de grandes ahorros en pedidos grandes y obtendr\u00e1n nuestras mejores ventajas al unirse al Club de Cerveza Bonvivant.<\/div>\r\n            <\/div>\r\n                    <div class=\"ct-accordion-item\">\r\n                <div class=\"ct-ac-title\" data-target=\"#519dfc7ct_accordion-d6b4656\">\r\n                    <a class=\"ct-ac-title-text\">\u00bfA donde hacen env\u00edos?<\/a>\r\n                <\/div>\r\n                <div id=\"519dfc7ct_accordion-d6b4656\" class=\"ct-ac-content\">Realizamos env\u00edos a cualquier parte de la Uni\u00f3n Europea. Puedes comprar desde cualquier parte del mundo, pero la direcci\u00f3n de env\u00edo debe estar dentro de la Uni\u00f3n Europea.<\/div>\r\n            <\/div>\r\n                    <div class=\"ct-accordion-item\">\r\n                <div class=\"ct-ac-title\" data-target=\"#5ce5068ct_accordion-d6b4656\">\r\n                    <a class=\"ct-ac-title-text\">\u00bfC\u00f3mo recibir\u00e9 mis beneficios exclusivos de miembro?<\/a>\r\n                <\/div>\r\n                <div id=\"5ce5068ct_accordion-d6b4656\" class=\"ct-ac-content\">Tus descuentos y beneficios se aplican autom\u00e1ticamente a todas tus compras. Solo aseg\u00farate de iniciar sesi\u00f3n con tu cuenta de miembro y estar\u00e1s listo para disfrutar de esas fant\u00e1sticas recompensas.<br \/>\n<\/div>\r\n            <\/div>\r\n                    <div class=\"ct-accordion-item\">\r\n                <div class=\"ct-ac-title\" data-target=\"#c512919ct_accordion-d6b4656\">\r\n                    <a class=\"ct-ac-title-text\">\u00bfPuedo cancelar mi suscripci\u00f3n?<\/a>\r\n                <\/div>\r\n                <div id=\"c512919ct_accordion-d6b4656\" class=\"ct-ac-content\">S\u00ed, puedes cancelar en cualquier momento. Si cancelas, los beneficios de tu suscripci\u00f3n estar\u00e1n disponibles hasta la fecha de vencimiento anual, cuando venza tu suscripci\u00f3n. No se te reembolsar\u00e1 la cuota de suscripci\u00f3n de 29,99 euros al cancelar.<\/div>\r\n            <\/div>\r\n            <\/div>\r\n\t\t\t\t<\/div>\n\t\t\t\t<\/div>\n\t\t\t\t\t<\/div>\n\t\t\t\t<\/div>\n\t\t\t\t<\/div>","protected":false},"excerpt":{"rendered":"<p>SAVE UP TO 35% Join the Bonvivant Beer Club and save with discounts on craft beer and merch, first access to limited-edition brews, members-only products, and more. Join the club! Plus, a free glass when you join* Join the Bonvivant Beer Club &amp; get perks like 35% discount On all orders of 12 beers or [&hellip;]<\/p>\n","protected":false},"author":2,"featured_media":0,"parent":0,"menu_order":0,"comment_status":"closed","ping_status":"closed","template":"elementor_header_footer","meta":{"_price":"","_stock":"","_tribe_ticket_header":"","_tribe_default_ticket_provider":"","_tribe_ticket_capacity":"0","_ticket_start_date":"","_ticket_end_date":"","_tribe_ticket_show_description":"","_tribe_ticket_show_not_going":false,"_tribe_ticket_use_global_stock":"","_tribe_ticket_global_stock_level":"","_global_stock_mode":"","_global_stock_cap":"","_tribe_rsvp_for_event":"","_tribe_ticket_going_count":"","_tribe_ticket_not_going_count":"","_tribe_tickets_list":"[]","_tribe_ticket_has_attendee_info_fields":false,"footnotes":"","_tec_slr_enabled":"","_tec_slr_layout":""},"class_list":["post-8102","page","type-page","status-publish","hentry"],"ticketed":false,"_links":{"self":[{"href":"https:\/\/bonvivant.beer\/es\/wp-json\/wp\/v2\/pages\/8102","targetHints":{"allow":["GET"]}}],"collection":[{"href":"https:\/\/bonvivant.beer\/es\/wp-json\/wp\/v2\/pages"}],"about":[{"href":"https:\/\/bonvivant.beer\/es\/wp-json\/wp\/v2\/types\/page"}],"author":[{"embeddable":true,"href":"https:\/\/bonvivant.beer\/es\/wp-json\/wp\/v2\/users\/2"}],"replies":[{"embeddable":true,"href":"https:\/\/bonvivant.beer\/es\/wp-json\/wp\/v2\/comments?post=8102"}],"version-history":[{"count":0,"href":"https:\/\/bonvivant.beer\/es\/wp-json\/wp\/v2\/pages\/8102\/revisions"}],"wp:attachment":[{"href":"https:\/\/bonvivant.beer\/es\/wp-json\/wp\/v2\/media?parent=8102"}],"curies":[{"name":"wp","href":"https:\/\/api.w.org\/{rel}","templated":true}]}}