{"id":8058,"date":"2025-04-09T10:06:56","date_gmt":"2025-04-09T10:06:56","guid":{"rendered":"https:\/\/bonvivant.beer\/?post_type=product&#038;p=8058"},"modified":"2025-08-25T11:23:55","modified_gmt":"2025-08-25T09:23:55","slug":"hoppy-craft-beer","status":"publish","type":"product","link":"https:\/\/bonvivant.beer\/es\/product\/hoppy-craft-beer\/","title":{"rendered":"Hoppy Craft Beer"},"content":{"rendered":"<div class=\"product-short-description\">\n<p data-start=\"289\" data-end=\"329\"><strong data-start=\"289\" data-end=\"329\">Hoppy \u2013 IPA Intensa con un Toque Frutal<\/strong><\/p>\n<p data-start=\"331\" data-end=\"587\" class=\"translation-block\">Te presentamos <strong>Hoppy<\/strong>, una IPA con car\u00e1cter, elaborada en M\u00e1laga. Con 6.2% de alcohol, esta cerveza rubia intensa ofrece un amargor firme equilibrado con notas c\u00edtricas y frutales. Suave pero atrevida, Hoppy es ideal para los que buscan sabor con personalidad.<\/p>\n<p data-start=\"589\" data-end=\"701\">Perfecta para amantes del l\u00fapulo o para quienes quieren descubrir una IPA con mucho car\u00e1cter.<\/p>\n<\/div>","protected":false},"excerpt":{"rendered":"<div class=\"product-short-description\">\n<p data-start=\"289\" data-end=\"329\"><strong data-start=\"289\" data-end=\"329\">Hoppy \u2013 IPA Intensa con un Toque Frutal<\/strong><\/p>\n<p data-start=\"331\" data-end=\"587\" class=\"translation-block\">Te presentamos <strong>Hoppy<\/strong>, una IPA con car\u00e1cter, elaborada en M\u00e1laga. Con 6.2% de alcohol, esta cerveza rubia intensa ofrece un amargor firme equilibrado con notas c\u00edtricas y frutales. Suave pero atrevida, Hoppy es ideal para los que buscan sabor con personalidad.<\/p>\n<p data-start=\"589\" data-end=\"701\">Perfecta para amantes del l\u00fapulo o para quienes quieren descubrir una IPA con mucho car\u00e1cter.<\/p>\n<\/div>","protected":false},"featured_media":8166,"comment_status":"closed","ping_status":"closed","template":"","meta":{"_price":"4.25","_stock":"","_tribe_ticket_header":"","_tribe_default_ticket_provider":"","_tribe_ticket_capacity":"0","_ticket_start_date":"","_ticket_end_date":"","_tribe_ticket_show_description":"","_tribe_ticket_show_not_going":false,"_tribe_ticket_use_global_stock":"","_tribe_ticket_global_stock_level":"","_global_stock_mode":"","_global_stock_cap":"","_tribe_rsvp_for_event":"","_tribe_ticket_going_count":"","_tribe_ticket_not_going_count":"","_tribe_tickets_list":"[]","_tribe_ticket_has_attendee_info_fields":false},"product_brand":[],"product_cat":[78],"product_tag":[],"class_list":{"0":"post-8058","1":"product","2":"type-product","3":"status-publish","4":"has-post-thumbnail","6":"product_cat-ipa","8":"first","9":"instock","10":"sale","11":"shipping-taxable","12":"purchasable","13":"product-type-simple"},"_links":{"self":[{"href":"https:\/\/bonvivant.beer\/es\/wp-json\/wp\/v2\/product\/8058","targetHints":{"allow":["GET"]}}],"collection":[{"href":"https:\/\/bonvivant.beer\/es\/wp-json\/wp\/v2\/product"}],"about":[{"href":"https:\/\/bonvivant.beer\/es\/wp-json\/wp\/v2\/types\/product"}],"replies":[{"embeddable":true,"href":"https:\/\/bonvivant.beer\/es\/wp-json\/wp\/v2\/comments?post=8058"}],"version-history":[{"count":0,"href":"https:\/\/bonvivant.beer\/es\/wp-json\/wp\/v2\/product\/8058\/revisions"}],"wp:featuredmedia":[{"embeddable":true,"href":"https:\/\/bonvivant.beer\/es\/wp-json\/wp\/v2\/media\/8166"}],"wp:attachment":[{"href":"https:\/\/bonvivant.beer\/es\/wp-json\/wp\/v2\/media?parent=8058"}],"wp:term":[{"taxonomy":"product_brand","embeddable":true,"href":"https:\/\/bonvivant.beer\/es\/wp-json\/wp\/v2\/product_brand?post=8058"},{"taxonomy":"product_cat","embeddable":true,"href":"https:\/\/bonvivant.beer\/es\/wp-json\/wp\/v2\/product_cat?post=8058"},{"taxonomy":"product_tag","embeddable":true,"href":"https:\/\/bonvivant.beer\/es\/wp-json\/wp\/v2\/product_tag?post=8058"}],"curies":[{"name":"wp","href":"https:\/\/api.w.org\/{rel}","templated":true}]}}