{"id":8066,"date":"2025-04-09T13:01:07","date_gmt":"2025-04-09T13:01:07","guid":{"rendered":"https:\/\/bonvivant.beer\/?post_type=product&#038;p=8066"},"modified":"2025-08-25T11:26:37","modified_gmt":"2025-08-25T09:26:37","slug":"meteorito-craft-beer","status":"publish","type":"product","link":"https:\/\/bonvivant.beer\/es\/product\/meteorito-craft-beer\/","title":{"rendered":"Meteorito Craft Beer"},"content":{"rendered":"<p data-start=\"254\" data-end=\"296\"><strong data-start=\"254\" data-end=\"296\">Meteorito \u2013 Pale Ale Doble Dry Hopped<\/strong><\/p>\n<p data-start=\"298\" data-end=\"591\" class=\"translation-block\">Peque\u00f1a en alcohol, pero enorme en sabor. <strong>Meteorito<\/strong> es una Pale Ale DDH de 4.7% elaborada en M\u00e1laga, ligeramente turbia y llena de car\u00e1cter. Destacan notas tropicales de lichi, hierba resinosa y un toque especiado tipo clavo que la hacen compleja pero f\u00e1cil de beber.<\/p>\n<p data-start=\"593\" data-end=\"717\" class=\"translation-block\">Refrescante, intrigante y con mucho estilo \u2014 Meteorito demuestra que no hace falta mucho alcohol para tener mucho sabor.<\/p>","protected":false},"excerpt":{"rendered":"<p data-start=\"254\" data-end=\"296\"><strong data-start=\"254\" data-end=\"296\">Meteorito \u2013 Pale Ale Doble Dry Hopped<\/strong><\/p>\n<p data-start=\"298\" data-end=\"591\" class=\"translation-block\">Peque\u00f1a en alcohol, pero enorme en sabor. <strong>Meteorito<\/strong> es una Pale Ale DDH de 4.7% elaborada en M\u00e1laga, ligeramente turbia y llena de car\u00e1cter. Destacan notas tropicales de lichi, hierba resinosa y un toque especiado tipo clavo que la hacen compleja pero f\u00e1cil de beber.<\/p>\n<p data-start=\"593\" data-end=\"717\" class=\"translation-block\">Refrescante, intrigante y con mucho estilo \u2014 Meteorito demuestra que no hace falta mucho alcohol para tener mucho sabor.<\/p>","protected":false},"featured_media":8170,"comment_status":"closed","ping_status":"closed","template":"","meta":{"_price":"2.55","_stock":"","_tribe_ticket_header":"","_tribe_default_ticket_provider":"","_tribe_ticket_capacity":"0","_ticket_start_date":"","_ticket_end_date":"","_tribe_ticket_show_description":"","_tribe_ticket_show_not_going":false,"_tribe_ticket_use_global_stock":"","_tribe_ticket_global_stock_level":"","_global_stock_mode":"","_global_stock_cap":"","_tribe_rsvp_for_event":"","_tribe_ticket_going_count":"","_tribe_ticket_not_going_count":"","_tribe_tickets_list":"[]","_tribe_ticket_has_attendee_info_fields":false},"product_brand":[],"product_cat":[77],"product_tag":[],"class_list":{"0":"post-8066","1":"product","2":"type-product","3":"status-publish","4":"has-post-thumbnail","6":"product_cat-blonde-ale","8":"first","9":"instock","10":"sale","11":"shipping-taxable","12":"purchasable","13":"product-type-simple"},"_links":{"self":[{"href":"https:\/\/bonvivant.beer\/es\/wp-json\/wp\/v2\/product\/8066","targetHints":{"allow":["GET"]}}],"collection":[{"href":"https:\/\/bonvivant.beer\/es\/wp-json\/wp\/v2\/product"}],"about":[{"href":"https:\/\/bonvivant.beer\/es\/wp-json\/wp\/v2\/types\/product"}],"replies":[{"embeddable":true,"href":"https:\/\/bonvivant.beer\/es\/wp-json\/wp\/v2\/comments?post=8066"}],"version-history":[{"count":0,"href":"https:\/\/bonvivant.beer\/es\/wp-json\/wp\/v2\/product\/8066\/revisions"}],"wp:featuredmedia":[{"embeddable":true,"href":"https:\/\/bonvivant.beer\/es\/wp-json\/wp\/v2\/media\/8170"}],"wp:attachment":[{"href":"https:\/\/bonvivant.beer\/es\/wp-json\/wp\/v2\/media?parent=8066"}],"wp:term":[{"taxonomy":"product_brand","embeddable":true,"href":"https:\/\/bonvivant.beer\/es\/wp-json\/wp\/v2\/product_brand?post=8066"},{"taxonomy":"product_cat","embeddable":true,"href":"https:\/\/bonvivant.beer\/es\/wp-json\/wp\/v2\/product_cat?post=8066"},{"taxonomy":"product_tag","embeddable":true,"href":"https:\/\/bonvivant.beer\/es\/wp-json\/wp\/v2\/product_tag?post=8066"}],"curies":[{"name":"wp","href":"https:\/\/api.w.org\/{rel}","templated":true}]}}